{"id":283,"date":"2024-12-05T14:52:13","date_gmt":"2024-12-05T13:52:13","guid":{"rendered":"https:\/\/mysmartmakler.heffner.consulting\/imprint\/"},"modified":"2026-03-06T11:13:18","modified_gmt":"2026-03-06T10:13:18","slug":"imprint","status":"publish","type":"page","link":"https:\/\/mysmartmakler.de\/en\/imprint\/","title":{"rendered":"Imprint"},"content":{"rendered":"\n<div style=\"height:100px\" aria-hidden=\"true\" class=\"wp-block-spacer\"><\/div>\n\n<h1 class=\"wp-block-heading has-text-align-center\">Imprint<\/h1>\n\n<div class=\"wp-block-group alignwide is-vertical is-content-justification-left is-layout-flex wp-container-core-group-is-layout-a506073b wp-block-group-is-layout-flex\" style=\"padding-top:0;padding-right:var(--wp--preset--spacing--80);padding-bottom:0;padding-left:var(--wp--preset--spacing--80)\">\n<p class=\"has-text-align-left\">Information according to \u00a7 5 DDG<\/p>\n\n\n\n<p><\/p>\n\n\n\n<p class=\"has-text-align-left\"><strong>MY Consilium GmbH<\/strong><br\/>Yusuf \u00d6zkan<br\/>Heerstra\u00dfe 18-20<br\/>14052 Berlin<\/p>\n\n\n\n<p class=\"has-text-align-left\"><strong>Represented by:<\/strong><br\/>Yusuf \u00d6zkan<\/p>\n\n\n\n<p class=\"has-text-align-left\"><strong>Register entry:<\/strong><br\/>Entry in the commercial register.<br\/>Register court: Berlin Charlottenburg<br\/>Register number: HRB 169604 B<\/p>\n\n\n\n<p class=\"has-text-align-left\"><strong>Sales tax ID:<\/strong><br\/>Sales tax identification number according to \u00a727a sales tax law: DE 815582265<\/p>\n\n\n\n<p class=\"has-text-align-left\"><strong>Disclaimer of liability:<\/strong><br\/><br\/><strong>Data protection<\/strong><br\/><br\/>The use of our website is generally possible without providing personal data. Insofar as personal data (e.g. name, address or e-mail addresses) is collected on our website, this is always done on a voluntary basis as far as possible. This data will not be passed on to third parties without your express consent.<br\/>We would like to point out that data transmission over the Internet (e.g. when communicating by e-mail) can have security gaps. Complete protection of data against access by third parties is not possible.<br\/>We hereby expressly prohibit the use of contact data published as part of our duty to provide a legal notice by third parties for the purpose of sending unsolicited advertising and information material. The operators of this website expressly reserve the right to take legal action in the event of the unsolicited sending of advertising information, such as spam e-mails.<\/p>\n\n\n\n<p class=\"has-text-align-left\">Website imprint created by <a href=\"https:\/\/www.impressum-generator.de\">impressum-generator.de<\/a> from the <a href=\"https:\/\/www.kanzlei-hasselbach.de\/\">law firm Hasselbach<\/a><\/p>\n<\/div>\n\n<div style=\"height:100px\" aria-hidden=\"true\" class=\"wp-block-spacer\"><\/div>\n","protected":false},"excerpt":{"rendered":"<p>Imprint Information according to \u00a7 5 DDG MY Consilium GmbHYusuf \u00d6zkanHeerstra\u00dfe 18-2014052 Berlin Represented by:Yusuf \u00d6zkan Register entry:Entry in the [&hellip;]<\/p>\n","protected":false},"author":1,"featured_media":0,"parent":0,"menu_order":0,"comment_status":"closed","ping_status":"closed","template":"","meta":{"_uag_custom_page_level_css":"","site-sidebar-layout":"default","site-content-layout":"","ast-site-content-layout":"","site-content-style":"default","site-sidebar-style":"default","ast-global-header-display":"","ast-banner-title-visibility":"","ast-main-header-display":"","ast-hfb-above-header-display":"","ast-hfb-below-header-display":"","ast-hfb-mobile-header-display":"","site-post-title":"disabled","ast-breadcrumbs-content":"","ast-featured-img":"","footer-sml-layout":"","ast-disable-related-posts":"","theme-transparent-header-meta":"","adv-header-id-meta":"","stick-header-meta":"","header-above-stick-meta":"","header-main-stick-meta":"","header-below-stick-meta":"","astra-migrate-meta-layouts":"default","ast-page-background-enabled":"default","ast-page-background-meta":{"desktop":{"background-color":"var(--ast-global-color-4)","background-image":"","background-repeat":"repeat","background-position":"center center","background-size":"auto","background-attachment":"scroll","background-type":"","background-media":"","overlay-type":"","overlay-color":"","overlay-opacity":"","overlay-gradient":""},"tablet":{"background-color":"","background-image":"","background-repeat":"repeat","background-position":"center center","background-size":"auto","background-attachment":"scroll","background-type":"","background-media":"","overlay-type":"","overlay-color":"","overlay-opacity":"","overlay-gradient":""},"mobile":{"background-color":"","background-image":"","background-repeat":"repeat","background-position":"center center","background-size":"auto","background-attachment":"scroll","background-type":"","background-media":"","overlay-type":"","overlay-color":"","overlay-opacity":"","overlay-gradient":""}},"ast-content-background-meta":{"desktop":{"background-color":"var(--ast-global-color-5)","background-image":"","background-repeat":"repeat","background-position":"center center","background-size":"auto","background-attachment":"scroll","background-type":"","background-media":"","overlay-type":"","overlay-color":"","overlay-opacity":"","overlay-gradient":""},"tablet":{"background-color":"var(--ast-global-color-5)","background-image":"","background-repeat":"repeat","background-position":"center center","background-size":"auto","background-attachment":"scroll","background-type":"","background-media":"","overlay-type":"","overlay-color":"","overlay-opacity":"","overlay-gradient":""},"mobile":{"background-color":"var(--ast-global-color-5)","background-image":"","background-repeat":"repeat","background-position":"center center","background-size":"auto","background-attachment":"scroll","background-type":"","background-media":"","overlay-type":"","overlay-color":"","overlay-opacity":"","overlay-gradient":""}},"footnotes":""},"class_list":["post-283","page","type-page","status-publish","hentry"],"uagb_featured_image_src":{"full":false,"thumbnail":false,"medium":false,"medium_large":false,"large":false,"1536x1536":false,"2048x2048":false},"uagb_author_info":{"display_name":"c.heffner","author_link":"https:\/\/mysmartmakler.de\/en\/author\/c-heffner\/"},"uagb_comment_info":0,"uagb_excerpt":"Imprint Information according to \u00a7 5 DDG MY Consilium GmbHYusuf \u00d6zkanHeerstra\u00dfe 18-2014052 Berlin Represented by:Yusuf \u00d6zkan Register entry:Entry in the [&hellip;]","_links":{"self":[{"href":"https:\/\/mysmartmakler.de\/en\/wp-json\/wp\/v2\/pages\/283","targetHints":{"allow":["GET"]}}],"collection":[{"href":"https:\/\/mysmartmakler.de\/en\/wp-json\/wp\/v2\/pages"}],"about":[{"href":"https:\/\/mysmartmakler.de\/en\/wp-json\/wp\/v2\/types\/page"}],"author":[{"embeddable":true,"href":"https:\/\/mysmartmakler.de\/en\/wp-json\/wp\/v2\/users\/1"}],"replies":[{"embeddable":true,"href":"https:\/\/mysmartmakler.de\/en\/wp-json\/wp\/v2\/comments?post=283"}],"version-history":[{"count":6,"href":"https:\/\/mysmartmakler.de\/en\/wp-json\/wp\/v2\/pages\/283\/revisions"}],"predecessor-version":[{"id":652,"href":"https:\/\/mysmartmakler.de\/en\/wp-json\/wp\/v2\/pages\/283\/revisions\/652"}],"wp:attachment":[{"href":"https:\/\/mysmartmakler.de\/en\/wp-json\/wp\/v2\/media?parent=283"}],"curies":[{"name":"wp","href":"https:\/\/api.w.org\/{rel}","templated":true}]}}